{"id":20139,"date":"2022-10-02T21:14:05","date_gmt":"2022-10-02T20:14:05","guid":{"rendered":"https:\/\/www.ceskepreklady.cz\/susotaz\/"},"modified":"2025-08-12T12:20:45","modified_gmt":"2025-08-12T11:20:45","slug":"whispered-interpreting","status":"publish","type":"page","link":"https:\/\/www.ceskepreklady.cz\/en\/whispered-interpreting\/","title":{"rendered":"Chuchotage or Whispered interepreting"},"content":{"rendered":"","protected":false},"excerpt":{"rendered":"","protected":false},"author":12,"featured_media":0,"parent":0,"menu_order":0,"comment_status":"closed","ping_status":"closed","template":"page-builder.php","meta":{"_acf_changed":false,"footnotes":""},"class_list":["post-20139","page","type-page","status-publish","hentry"],"acf":[],"yoast_head":"<!-- This site is optimized with the Yoast SEO plugin v27.4 - https:\/\/yoast.com\/product\/yoast-seo-wordpress\/ -->\n<title>Chuchotage or Whispered interepreting | \u010cesk\u00e9 p\u0159eklady (Czech Translations)<\/title>\n<meta name=\"description\" content=\"We cooperate with the best interpreters from the Czech Republic. We\u2019ll take care of everything for you. We have over 20+ years of experience. Contact us!\" \/>\n<meta name=\"robots\" content=\"index, follow, max-snippet:-1, max-image-preview:large, max-video-preview:-1\" \/>\n<link rel=\"canonical\" href=\"https:\/\/www.ceskepreklady.cz\/en\/whispered-interpreting\/\" \/>\n<meta property=\"og:locale\" content=\"en_US\" \/>\n<meta property=\"og:type\" content=\"article\" \/>\n<meta property=\"og:title\" content=\"Chuchotage or Whispered interepreting | \u010cesk\u00e9 p\u0159eklady (Czech Translations)\" \/>\n<meta property=\"og:description\" content=\"We cooperate with the best interpreters from the Czech Republic. We\u2019ll take care of everything for you. We have over 20+ years of experience. Contact us!\" \/>\n<meta property=\"og:url\" content=\"https:\/\/www.ceskepreklady.cz\/en\/whispered-interpreting\/\" \/>\n<meta property=\"og:site_name\" content=\"\u010cesk\u00e9 p\u0159eklady\" \/>\n<meta property=\"article:publisher\" content=\"https:\/\/www.facebook.com\/ceskepreklady\/\" \/>\n<meta property=\"article:modified_time\" content=\"2025-08-12T11:20:45+00:00\" \/>\n<meta property=\"og:image\" content=\"https:\/\/www.ceskepreklady.cz\/wp-content\/uploads\/2021\/06\/cp-web-share1.jpg\" \/>\n\t<meta property=\"og:image:width\" content=\"1200\" \/>\n\t<meta property=\"og:image:height\" content=\"630\" \/>\n\t<meta property=\"og:image:type\" content=\"image\/jpeg\" \/>\n<meta name=\"twitter:card\" content=\"summary_large_image\" \/>\n<script type=\"application\/ld+json\" class=\"yoast-schema-graph\">{\"@context\":\"https:\\\/\\\/schema.org\",\"@graph\":[{\"@type\":\"WebPage\",\"@id\":\"https:\\\/\\\/www.ceskepreklady.cz\\\/en\\\/whispered-interpreting\\\/\",\"url\":\"https:\\\/\\\/www.ceskepreklady.cz\\\/en\\\/whispered-interpreting\\\/\",\"name\":\"Chuchotage or Whispered interepreting | \u010cesk\u00e9 p\u0159eklady (Czech Translations)\",\"isPartOf\":{\"@id\":\"https:\\\/\\\/www.ceskepreklady.cz\\\/en\\\/#website\"},\"datePublished\":\"2022-10-02T20:14:05+00:00\",\"dateModified\":\"2025-08-12T11:20:45+00:00\",\"description\":\"We cooperate with the best interpreters from the Czech Republic. We\u2019ll take care of everything for you. We have over 20+ years of experience. Contact us!\",\"breadcrumb\":{\"@id\":\"https:\\\/\\\/www.ceskepreklady.cz\\\/en\\\/whispered-interpreting\\\/#breadcrumb\"},\"inLanguage\":\"en-US\",\"potentialAction\":[{\"@type\":\"ReadAction\",\"target\":[\"https:\\\/\\\/www.ceskepreklady.cz\\\/en\\\/whispered-interpreting\\\/\"]}]},{\"@type\":\"BreadcrumbList\",\"@id\":\"https:\\\/\\\/www.ceskepreklady.cz\\\/en\\\/whispered-interpreting\\\/#breadcrumb\",\"itemListElement\":[{\"@type\":\"ListItem\",\"position\":1,\"name\":\"Dom\u016f\",\"item\":\"https:\\\/\\\/www.ceskepreklady.cz\\\/en\\\/\"},{\"@type\":\"ListItem\",\"position\":2,\"name\":\"Chuchotage or Whispered interepreting\"}]},{\"@type\":\"WebSite\",\"@id\":\"https:\\\/\\\/www.ceskepreklady.cz\\\/en\\\/#website\",\"url\":\"https:\\\/\\\/www.ceskepreklady.cz\\\/en\\\/\",\"name\":\"\u010cesk\u00e9 p\u0159eklady\",\"description\":\"P\u0159eklady, korektury, tlumo\u010den\u00ed\",\"potentialAction\":[{\"@type\":\"SearchAction\",\"target\":{\"@type\":\"EntryPoint\",\"urlTemplate\":\"https:\\\/\\\/www.ceskepreklady.cz\\\/en\\\/?s={search_term_string}\"},\"query-input\":{\"@type\":\"PropertyValueSpecification\",\"valueRequired\":true,\"valueName\":\"search_term_string\"}}],\"inLanguage\":\"en-US\"}]}<\/script>\n<!-- \/ Yoast SEO plugin. -->","yoast_head_json":{"title":"Chuchotage or Whispered interepreting | \u010cesk\u00e9 p\u0159eklady (Czech Translations)","description":"We cooperate with the best interpreters from the Czech Republic. We\u2019ll take care of everything for you. We have over 20+ years of experience. Contact us!","robots":{"index":"index","follow":"follow","max-snippet":"max-snippet:-1","max-image-preview":"max-image-preview:large","max-video-preview":"max-video-preview:-1"},"canonical":"https:\/\/www.ceskepreklady.cz\/en\/whispered-interpreting\/","og_locale":"en_US","og_type":"article","og_title":"Chuchotage or Whispered interepreting | \u010cesk\u00e9 p\u0159eklady (Czech Translations)","og_description":"We cooperate with the best interpreters from the Czech Republic. We\u2019ll take care of everything for you. We have over 20+ years of experience. Contact us!","og_url":"https:\/\/www.ceskepreklady.cz\/en\/whispered-interpreting\/","og_site_name":"\u010cesk\u00e9 p\u0159eklady","article_publisher":"https:\/\/www.facebook.com\/ceskepreklady\/","article_modified_time":"2025-08-12T11:20:45+00:00","og_image":[{"width":1200,"height":630,"url":"https:\/\/www.ceskepreklady.cz\/wp-content\/uploads\/2021\/06\/cp-web-share1.jpg","type":"image\/jpeg"}],"twitter_card":"summary_large_image","schema":{"@context":"https:\/\/schema.org","@graph":[{"@type":"WebPage","@id":"https:\/\/www.ceskepreklady.cz\/en\/whispered-interpreting\/","url":"https:\/\/www.ceskepreklady.cz\/en\/whispered-interpreting\/","name":"Chuchotage or Whispered interepreting | \u010cesk\u00e9 p\u0159eklady (Czech Translations)","isPartOf":{"@id":"https:\/\/www.ceskepreklady.cz\/en\/#website"},"datePublished":"2022-10-02T20:14:05+00:00","dateModified":"2025-08-12T11:20:45+00:00","description":"We cooperate with the best interpreters from the Czech Republic. We\u2019ll take care of everything for you. We have over 20+ years of experience. Contact us!","breadcrumb":{"@id":"https:\/\/www.ceskepreklady.cz\/en\/whispered-interpreting\/#breadcrumb"},"inLanguage":"en-US","potentialAction":[{"@type":"ReadAction","target":["https:\/\/www.ceskepreklady.cz\/en\/whispered-interpreting\/"]}]},{"@type":"BreadcrumbList","@id":"https:\/\/www.ceskepreklady.cz\/en\/whispered-interpreting\/#breadcrumb","itemListElement":[{"@type":"ListItem","position":1,"name":"Dom\u016f","item":"https:\/\/www.ceskepreklady.cz\/en\/"},{"@type":"ListItem","position":2,"name":"Chuchotage or Whispered interepreting"}]},{"@type":"WebSite","@id":"https:\/\/www.ceskepreklady.cz\/en\/#website","url":"https:\/\/www.ceskepreklady.cz\/en\/","name":"\u010cesk\u00e9 p\u0159eklady","description":"P\u0159eklady, korektury, tlumo\u010den\u00ed","potentialAction":[{"@type":"SearchAction","target":{"@type":"EntryPoint","urlTemplate":"https:\/\/www.ceskepreklady.cz\/en\/?s={search_term_string}"},"query-input":{"@type":"PropertyValueSpecification","valueRequired":true,"valueName":"search_term_string"}}],"inLanguage":"en-US"}]}},"_links":{"self":[{"href":"https:\/\/www.ceskepreklady.cz\/en\/wp-json\/wp\/v2\/pages\/20139","targetHints":{"allow":["GET"]}}],"collection":[{"href":"https:\/\/www.ceskepreklady.cz\/en\/wp-json\/wp\/v2\/pages"}],"about":[{"href":"https:\/\/www.ceskepreklady.cz\/en\/wp-json\/wp\/v2\/types\/page"}],"author":[{"embeddable":true,"href":"https:\/\/www.ceskepreklady.cz\/en\/wp-json\/wp\/v2\/users\/12"}],"replies":[{"embeddable":true,"href":"https:\/\/www.ceskepreklady.cz\/en\/wp-json\/wp\/v2\/comments?post=20139"}],"version-history":[{"count":12,"href":"https:\/\/www.ceskepreklady.cz\/en\/wp-json\/wp\/v2\/pages\/20139\/revisions"}],"predecessor-version":[{"id":26266,"href":"https:\/\/www.ceskepreklady.cz\/en\/wp-json\/wp\/v2\/pages\/20139\/revisions\/26266"}],"wp:attachment":[{"href":"https:\/\/www.ceskepreklady.cz\/en\/wp-json\/wp\/v2\/media?parent=20139"}],"curies":[{"name":"wp","href":"https:\/\/api.w.org\/{rel}","templated":true}]}}