{"id":10990,"date":"2021-09-16T20:55:48","date_gmt":"2021-09-16T19:55:48","guid":{"rendered":"https:\/\/www.ceskepreklady.cz\/?page_id=10990"},"modified":"2021-09-16T20:59:18","modified_gmt":"2021-09-16T19:59:18","slug":"we-have-received-your-request-thank-you","status":"publish","type":"page","link":"https:\/\/www.ceskepreklady.cz\/en\/we-have-received-your-request-thank-you\/","title":{"rendered":"We have received your request. Thank you."},"content":{"rendered":"<h2 style=\"text-align: center;\">What happens next?<\/h2>\n<p>&nbsp;<\/p>\n<p><div class=\"row text-center\"><div class=\"col-lg-4 col-md-4 col-xs-12 col-sm-12\"> <div class=\"shaded-icon center-block\">\r\n                <span class=\"fa fa-check shaded-right\"><\/span>\r\n                <span class=\"fa fa-check shaded-left\"><\/span>\r\n            <\/div><\/p>\n<p><span style=\"font-size: 20px;\">We will promptly send you a price quote. <br \/>\nWe guarantee a response within 60 minutes <br \/>\non weekdays!<\/span><\/p>\n<p><\/div> <div class=\"col-lg-4 col-md-4 col-xs-12 col-sm-12\"><div class=\"shaded-icon center-block\">\r\n                <span class=\"fa fa-check shaded-right\"><\/span>\r\n                <span class=\"fa fa-check shaded-left\"><\/span>\r\n            <\/div><\/p>\n<p><span style=\"font-size: 20px;\">We will wait for your approval and get going as we receive it.<\/span><\/p>\n<p><\/div> <div class=\"col-lg-4 col-md-4 col-xs-12 col-sm-12\"> <div class=\"shaded-icon center-block\">\r\n                <span class=\"fa fa-check shaded-right\"><\/span>\r\n                <span class=\"fa fa-check shaded-left\"><\/span>\r\n            <\/div><\/p>\n<p><span style=\"font-size: 20px;\">Please check our <a href=\"https:\/\/www.ceskepreklady.cz\/en\/faq-stitek\/translations\/\" target=\"_blank\" rel=\"noopener\">FAQs<\/a> for the answers to the most frequently asked questions.<\/span><\/p>\n<p><\/div><span style=\"line-height: 1.5;\"><\/div><\/span><\/p>\n<p>&nbsp;<\/p>\n<p style=\"text-align: center;\"><a class=\"btn btn-primary btn-lg  \" href=\"https:\/\/www.ceskepreklady.cz\/en\/services\/\"  rel=\"\"  target=\"_self\">Order Additional Services<\/a><\/p>\n","protected":false},"excerpt":{"rendered":"<p>What happens next? &nbsp; &nbsp;<\/p>\n","protected":false},"author":11,"featured_media":0,"parent":0,"menu_order":0,"comment_status":"closed","ping_status":"closed","template":"","meta":{"_acf_changed":false,"footnotes":""},"class_list":["post-10990","page","type-page","status-publish","hentry"],"acf":[],"yoast_head":"<!-- This site is optimized with the Yoast SEO plugin v27.4 - https:\/\/yoast.com\/product\/yoast-seo-wordpress\/ -->\n<title>Thank you | \u010cesk\u00e9 p\u0159eklady (Czech Translations)<\/title>\n<meta name=\"description\" content=\"Zjist\u011bte v\u00edce o We have received your request. Thank you.. \u010cesk\u00e9 p\u0159eklady \u2013 profesion\u00e1ln\u00ed p\u0159eklady a tlumo\u010den\u00ed na m\u00edru.\" \/>\n<meta name=\"robots\" content=\"index, follow, max-snippet:-1, max-image-preview:large, max-video-preview:-1\" \/>\n<link rel=\"canonical\" href=\"https:\/\/www.ceskepreklady.cz\/en\/we-have-received-your-request-thank-you\/\" \/>\n<meta property=\"og:locale\" content=\"en_US\" \/>\n<meta property=\"og:type\" content=\"article\" \/>\n<meta property=\"og:title\" content=\"Thank you | \u010cesk\u00e9 p\u0159eklady (Czech Translations)\" \/>\n<meta property=\"og:description\" content=\"Zjist\u011bte v\u00edce o We have received your request. Thank you.. \u010cesk\u00e9 p\u0159eklady \u2013 profesion\u00e1ln\u00ed p\u0159eklady a tlumo\u010den\u00ed na m\u00edru.\" \/>\n<meta property=\"og:url\" content=\"https:\/\/www.ceskepreklady.cz\/en\/we-have-received-your-request-thank-you\/\" \/>\n<meta property=\"og:site_name\" content=\"\u010cesk\u00e9 p\u0159eklady\" \/>\n<meta property=\"article:publisher\" content=\"https:\/\/www.facebook.com\/ceskepreklady\/\" \/>\n<meta property=\"article:modified_time\" content=\"2021-09-16T19:59:18+00:00\" \/>\n<meta property=\"og:image\" content=\"https:\/\/www.ceskepreklady.cz\/wp-content\/uploads\/2021\/06\/cp-web-share1.jpg\" \/>\n\t<meta property=\"og:image:width\" content=\"1200\" \/>\n\t<meta property=\"og:image:height\" content=\"630\" \/>\n\t<meta property=\"og:image:type\" content=\"image\/jpeg\" \/>\n<meta name=\"twitter:card\" content=\"summary_large_image\" \/>\n<meta name=\"twitter:label1\" content=\"Est. reading time\" \/>\n\t<meta name=\"twitter:data1\" content=\"1 minute\" \/>\n<script type=\"application\/ld+json\" class=\"yoast-schema-graph\">{\"@context\":\"https:\\\/\\\/schema.org\",\"@graph\":[{\"@type\":\"WebPage\",\"@id\":\"https:\\\/\\\/www.ceskepreklady.cz\\\/en\\\/we-have-received-your-request-thank-you\\\/\",\"url\":\"https:\\\/\\\/www.ceskepreklady.cz\\\/en\\\/we-have-received-your-request-thank-you\\\/\",\"name\":\"Thank you | \u010cesk\u00e9 p\u0159eklady (Czech Translations)\",\"isPartOf\":{\"@id\":\"https:\\\/\\\/www.ceskepreklady.cz\\\/en\\\/#website\"},\"datePublished\":\"2021-09-16T19:55:48+00:00\",\"dateModified\":\"2021-09-16T19:59:18+00:00\",\"description\":\"Zjist\u011bte v\u00edce o We have received your request. Thank you.. \u010cesk\u00e9 p\u0159eklady \u2013 profesion\u00e1ln\u00ed p\u0159eklady a tlumo\u010den\u00ed na m\u00edru.\",\"breadcrumb\":{\"@id\":\"https:\\\/\\\/www.ceskepreklady.cz\\\/en\\\/we-have-received-your-request-thank-you\\\/#breadcrumb\"},\"inLanguage\":\"en-US\",\"potentialAction\":[{\"@type\":\"ReadAction\",\"target\":[\"https:\\\/\\\/www.ceskepreklady.cz\\\/en\\\/we-have-received-your-request-thank-you\\\/\"]}]},{\"@type\":\"BreadcrumbList\",\"@id\":\"https:\\\/\\\/www.ceskepreklady.cz\\\/en\\\/we-have-received-your-request-thank-you\\\/#breadcrumb\",\"itemListElement\":[{\"@type\":\"ListItem\",\"position\":1,\"name\":\"Dom\u016f\",\"item\":\"https:\\\/\\\/www.ceskepreklady.cz\\\/en\\\/\"},{\"@type\":\"ListItem\",\"position\":2,\"name\":\"We have received your request. Thank you.\"}]},{\"@type\":\"WebSite\",\"@id\":\"https:\\\/\\\/www.ceskepreklady.cz\\\/en\\\/#website\",\"url\":\"https:\\\/\\\/www.ceskepreklady.cz\\\/en\\\/\",\"name\":\"\u010cesk\u00e9 p\u0159eklady\",\"description\":\"P\u0159eklady, korektury, tlumo\u010den\u00ed\",\"potentialAction\":[{\"@type\":\"SearchAction\",\"target\":{\"@type\":\"EntryPoint\",\"urlTemplate\":\"https:\\\/\\\/www.ceskepreklady.cz\\\/en\\\/?s={search_term_string}\"},\"query-input\":{\"@type\":\"PropertyValueSpecification\",\"valueRequired\":true,\"valueName\":\"search_term_string\"}}],\"inLanguage\":\"en-US\"}]}<\/script>\n<!-- \/ Yoast SEO plugin. -->","yoast_head_json":{"title":"Thank you | \u010cesk\u00e9 p\u0159eklady (Czech Translations)","description":"Zjist\u011bte v\u00edce o We have received your request. Thank you.. \u010cesk\u00e9 p\u0159eklady \u2013 profesion\u00e1ln\u00ed p\u0159eklady a tlumo\u010den\u00ed na m\u00edru.","robots":{"index":"index","follow":"follow","max-snippet":"max-snippet:-1","max-image-preview":"max-image-preview:large","max-video-preview":"max-video-preview:-1"},"canonical":"https:\/\/www.ceskepreklady.cz\/en\/we-have-received-your-request-thank-you\/","og_locale":"en_US","og_type":"article","og_title":"Thank you | \u010cesk\u00e9 p\u0159eklady (Czech Translations)","og_description":"Zjist\u011bte v\u00edce o We have received your request. Thank you.. \u010cesk\u00e9 p\u0159eklady \u2013 profesion\u00e1ln\u00ed p\u0159eklady a tlumo\u010den\u00ed na m\u00edru.","og_url":"https:\/\/www.ceskepreklady.cz\/en\/we-have-received-your-request-thank-you\/","og_site_name":"\u010cesk\u00e9 p\u0159eklady","article_publisher":"https:\/\/www.facebook.com\/ceskepreklady\/","article_modified_time":"2021-09-16T19:59:18+00:00","og_image":[{"width":1200,"height":630,"url":"https:\/\/www.ceskepreklady.cz\/wp-content\/uploads\/2021\/06\/cp-web-share1.jpg","type":"image\/jpeg"}],"twitter_card":"summary_large_image","twitter_misc":{"Est. reading time":"1 minute"},"schema":{"@context":"https:\/\/schema.org","@graph":[{"@type":"WebPage","@id":"https:\/\/www.ceskepreklady.cz\/en\/we-have-received-your-request-thank-you\/","url":"https:\/\/www.ceskepreklady.cz\/en\/we-have-received-your-request-thank-you\/","name":"Thank you | \u010cesk\u00e9 p\u0159eklady (Czech Translations)","isPartOf":{"@id":"https:\/\/www.ceskepreklady.cz\/en\/#website"},"datePublished":"2021-09-16T19:55:48+00:00","dateModified":"2021-09-16T19:59:18+00:00","description":"Zjist\u011bte v\u00edce o We have received your request. Thank you.. \u010cesk\u00e9 p\u0159eklady \u2013 profesion\u00e1ln\u00ed p\u0159eklady a tlumo\u010den\u00ed na m\u00edru.","breadcrumb":{"@id":"https:\/\/www.ceskepreklady.cz\/en\/we-have-received-your-request-thank-you\/#breadcrumb"},"inLanguage":"en-US","potentialAction":[{"@type":"ReadAction","target":["https:\/\/www.ceskepreklady.cz\/en\/we-have-received-your-request-thank-you\/"]}]},{"@type":"BreadcrumbList","@id":"https:\/\/www.ceskepreklady.cz\/en\/we-have-received-your-request-thank-you\/#breadcrumb","itemListElement":[{"@type":"ListItem","position":1,"name":"Dom\u016f","item":"https:\/\/www.ceskepreklady.cz\/en\/"},{"@type":"ListItem","position":2,"name":"We have received your request. Thank you."}]},{"@type":"WebSite","@id":"https:\/\/www.ceskepreklady.cz\/en\/#website","url":"https:\/\/www.ceskepreklady.cz\/en\/","name":"\u010cesk\u00e9 p\u0159eklady","description":"P\u0159eklady, korektury, tlumo\u010den\u00ed","potentialAction":[{"@type":"SearchAction","target":{"@type":"EntryPoint","urlTemplate":"https:\/\/www.ceskepreklady.cz\/en\/?s={search_term_string}"},"query-input":{"@type":"PropertyValueSpecification","valueRequired":true,"valueName":"search_term_string"}}],"inLanguage":"en-US"}]}},"_links":{"self":[{"href":"https:\/\/www.ceskepreklady.cz\/en\/wp-json\/wp\/v2\/pages\/10990","targetHints":{"allow":["GET"]}}],"collection":[{"href":"https:\/\/www.ceskepreklady.cz\/en\/wp-json\/wp\/v2\/pages"}],"about":[{"href":"https:\/\/www.ceskepreklady.cz\/en\/wp-json\/wp\/v2\/types\/page"}],"author":[{"embeddable":true,"href":"https:\/\/www.ceskepreklady.cz\/en\/wp-json\/wp\/v2\/users\/11"}],"replies":[{"embeddable":true,"href":"https:\/\/www.ceskepreklady.cz\/en\/wp-json\/wp\/v2\/comments?post=10990"}],"version-history":[{"count":9,"href":"https:\/\/www.ceskepreklady.cz\/en\/wp-json\/wp\/v2\/pages\/10990\/revisions"}],"predecessor-version":[{"id":11045,"href":"https:\/\/www.ceskepreklady.cz\/en\/wp-json\/wp\/v2\/pages\/10990\/revisions\/11045"}],"wp:attachment":[{"href":"https:\/\/www.ceskepreklady.cz\/en\/wp-json\/wp\/v2\/media?parent=10990"}],"curies":[{"name":"wp","href":"https:\/\/api.w.org\/{rel}","templated":true}]}}